{"id":79,"date":"2026-03-09T17:09:02","date_gmt":"2026-03-09T17:09:02","guid":{"rendered":"https:\/\/mixurakennus.fi\/?page_id=79"},"modified":"2026-03-17T18:50:53","modified_gmt":"2026-03-17T18:50:53","slug":"saunat","status":"publish","type":"page","link":"https:\/\/mixurakennus.fi\/index.php\/saunat\/","title":{"rendered":"Saunojen rakentaminen"},"content":{"rendered":"\n<p>Rakennamme laadukkaita ja kest\u00e4vi\u00e4 saunoja ammattitaidolla. Toteutamme saunojen rakennus- ja remonttity\u00f6t luotettavasti ja huolellisesti valmiiden suunnitelmien mukaan.  Olipa kyseess\u00e4 uusi sauna tai vanhan saunan uudistaminen, hoidamme ty\u00f6n alusta loppuun tehokkaasti ja siististi. Meille t\u00e4rkeint\u00e4 on laadukas ty\u00f6nj\u00e4lki sek\u00e4 asiakkaan tyytyv\u00e4isyys<\/p>\n\n\n\n<p>Palveluihimme kuuluvat :<\/p>\n\n\n\n<p>\u2022 Saunojen rakentaminen valmiiden suunnitelmien mukaan<br>\u2022 Saunaremontit ja saunojen uusiminen<br>\u2022 Lauteiden ja saunapaneelien asennus<br>\u2022 Saunatilojen eristys- ja rakennusty\u00f6t<br>\u2022 Viimeistelyty\u00f6t ja asennukset<\/p>\n\n\n\n<p>Rakennamme saunoja yksityiskoteihin, taloyhti\u00f6ihin sek\u00e4 rakennusliikkeiden kohteisiin.<\/p>\n\n\n\n<p>Kun tarvitset luotettavan tekij\u00e4n saunarakennust\u00f6ihin, ota yhteytt\u00e4 \u2013 teemme mielell\u00e4mme tarjouksen.<\/p>\n\n\n\n<figure class=\"wp-block-gallery has-nested-images columns-default is-cropped wp-block-gallery-1 is-layout-flex wp-block-gallery-is-layout-flex\">\n<figure class=\"wp-block-image size-large\"><img loading=\"lazy\" decoding=\"async\" width=\"1024\" height=\"523\" data-id=\"109\" src=\"https:\/\/mixurakennus.fi\/wp-content\/uploads\/2026\/03\/IMG_1750-1024x523.jpg\" alt=\"\" class=\"wp-image-109\" srcset=\"https:\/\/mixurakennus.fi\/wp-content\/uploads\/2026\/03\/IMG_1750-1024x523.jpg 1024w, https:\/\/mixurakennus.fi\/wp-content\/uploads\/2026\/03\/IMG_1750-300x153.jpg 300w, https:\/\/mixurakennus.fi\/wp-content\/uploads\/2026\/03\/IMG_1750-768x392.jpg 768w, https:\/\/mixurakennus.fi\/wp-content\/uploads\/2026\/03\/IMG_1750-1536x784.jpg 1536w, https:\/\/mixurakennus.fi\/wp-content\/uploads\/2026\/03\/IMG_1750.jpg 1920w\" sizes=\"auto, (max-width: 1024px) 100vw, 1024px\" \/><\/figure>\n\n\n\n<figure class=\"wp-block-image size-large\"><img loading=\"lazy\" decoding=\"async\" width=\"768\" height=\"1024\" data-id=\"173\" src=\"https:\/\/mixurakennus.fi\/wp-content\/uploads\/2026\/03\/saun-1.webp\" alt=\"\" class=\"wp-image-173\" srcset=\"https:\/\/mixurakennus.fi\/wp-content\/uploads\/2026\/03\/saun-1.webp 768w, https:\/\/mixurakennus.fi\/wp-content\/uploads\/2026\/03\/saun-1-225x300.webp 225w\" sizes=\"auto, (max-width: 768px) 100vw, 768px\" \/><\/figure>\n\n\n\n<figure class=\"wp-block-image size-large\"><img loading=\"lazy\" decoding=\"async\" width=\"640\" height=\"480\" data-id=\"167\" src=\"https:\/\/mixurakennus.fi\/wp-content\/uploads\/2026\/03\/IMG_1084.jpeg\" alt=\"\" class=\"wp-image-167\" srcset=\"https:\/\/mixurakennus.fi\/wp-content\/uploads\/2026\/03\/IMG_1084.jpeg 640w, https:\/\/mixurakennus.fi\/wp-content\/uploads\/2026\/03\/IMG_1084-300x225.jpeg 300w\" sizes=\"auto, (max-width: 640px) 100vw, 640px\" \/><\/figure>\n\n\n\n<figure class=\"wp-block-image size-large\"><img loading=\"lazy\" decoding=\"async\" width=\"640\" height=\"480\" data-id=\"166\" src=\"https:\/\/mixurakennus.fi\/wp-content\/uploads\/2026\/03\/IMG_1102.jpeg\" alt=\"\" class=\"wp-image-166\" srcset=\"https:\/\/mixurakennus.fi\/wp-content\/uploads\/2026\/03\/IMG_1102.jpeg 640w, https:\/\/mixurakennus.fi\/wp-content\/uploads\/2026\/03\/IMG_1102-300x225.jpeg 300w\" sizes=\"auto, (max-width: 640px) 100vw, 640px\" \/><\/figure>\n\n\n\n<figure class=\"wp-block-image size-large\"><img loading=\"lazy\" decoding=\"async\" width=\"640\" height=\"480\" data-id=\"165\" src=\"https:\/\/mixurakennus.fi\/wp-content\/uploads\/2026\/03\/IMG_1088.jpeg\" alt=\"\" class=\"wp-image-165\" srcset=\"https:\/\/mixurakennus.fi\/wp-content\/uploads\/2026\/03\/IMG_1088.jpeg 640w, https:\/\/mixurakennus.fi\/wp-content\/uploads\/2026\/03\/IMG_1088-300x225.jpeg 300w\" sizes=\"auto, (max-width: 640px) 100vw, 640px\" \/><\/figure>\n\n\n\n<figure class=\"wp-block-image size-large\"><img loading=\"lazy\" decoding=\"async\" width=\"640\" height=\"480\" data-id=\"164\" src=\"https:\/\/mixurakennus.fi\/wp-content\/uploads\/2026\/03\/IMG_0753.jpeg\" alt=\"\" class=\"wp-image-164\" srcset=\"https:\/\/mixurakennus.fi\/wp-content\/uploads\/2026\/03\/IMG_0753.jpeg 640w, https:\/\/mixurakennus.fi\/wp-content\/uploads\/2026\/03\/IMG_0753-300x225.jpeg 300w\" sizes=\"auto, (max-width: 640px) 100vw, 640px\" \/><\/figure>\n\n\n\n<figure class=\"wp-block-image size-large\"><img loading=\"lazy\" decoding=\"async\" width=\"640\" height=\"480\" data-id=\"103\" src=\"https:\/\/mixurakennus.fi\/wp-content\/uploads\/2026\/03\/IMG_1124.jpeg\" alt=\"\" class=\"wp-image-103\" srcset=\"https:\/\/mixurakennus.fi\/wp-content\/uploads\/2026\/03\/IMG_1124.jpeg 640w, https:\/\/mixurakennus.fi\/wp-content\/uploads\/2026\/03\/IMG_1124-300x225.jpeg 300w\" sizes=\"auto, (max-width: 640px) 100vw, 640px\" \/><\/figure>\n\n\n\n<figure class=\"wp-block-image size-large\"><img loading=\"lazy\" decoding=\"async\" width=\"640\" height=\"480\" data-id=\"75\" src=\"https:\/\/mixurakennus.fi\/wp-content\/uploads\/2026\/03\/IMG_1135.jpeg\" alt=\"\" class=\"wp-image-75\" srcset=\"https:\/\/mixurakennus.fi\/wp-content\/uploads\/2026\/03\/IMG_1135.jpeg 640w, https:\/\/mixurakennus.fi\/wp-content\/uploads\/2026\/03\/IMG_1135-300x225.jpeg 300w\" sizes=\"auto, (max-width: 640px) 100vw, 640px\" \/><\/figure>\n\n\n\n<figure class=\"wp-block-image size-large\"><img loading=\"lazy\" decoding=\"async\" width=\"768\" height=\"1024\" data-id=\"74\" src=\"https:\/\/mixurakennus.fi\/wp-content\/uploads\/2026\/03\/Sauna-3-768x1024.webp\" alt=\"\" class=\"wp-image-74\" srcset=\"https:\/\/mixurakennus.fi\/wp-content\/uploads\/2026\/03\/Sauna-3-768x1024.webp 768w, https:\/\/mixurakennus.fi\/wp-content\/uploads\/2026\/03\/Sauna-3-225x300.webp 225w, https:\/\/mixurakennus.fi\/wp-content\/uploads\/2026\/03\/Sauna-3-1152x1536.webp 1152w, https:\/\/mixurakennus.fi\/wp-content\/uploads\/2026\/03\/Sauna-3.webp 1536w\" sizes=\"auto, (max-width: 768px) 100vw, 768px\" \/><figcaption class=\"wp-element-caption\"> <\/figcaption><\/figure>\n<\/figure>\n\n\n<div class=\"is-default-size wp-block-site-logo\"><a href=\"https:\/\/mixurakennus.fi\/\" class=\"custom-logo-link\" rel=\"home\"><img loading=\"lazy\" decoding=\"async\" width=\"1783\" height=\"712\" src=\"https:\/\/mixurakennus.fi\/wp-content\/uploads\/2026\/03\/cropped-Mixu-LOGO-OK_Page_1-e1772474245499-2-274x109.jpeg\" class=\"custom-logo\" alt=\"\" srcset=\"https:\/\/mixurakennus.fi\/wp-content\/uploads\/2026\/03\/cropped-Mixu-LOGO-OK_Page_1-e1772474245499-2.jpeg 1783w, https:\/\/mixurakennus.fi\/wp-content\/uploads\/2026\/03\/cropped-Mixu-LOGO-OK_Page_1-e1772474245499-2-300x120.jpeg 300w, https:\/\/mixurakennus.fi\/wp-content\/uploads\/2026\/03\/cropped-Mixu-LOGO-OK_Page_1-e1772474245499-2-1024x409.jpeg 1024w, https:\/\/mixurakennus.fi\/wp-content\/uploads\/2026\/03\/cropped-Mixu-LOGO-OK_Page_1-e1772474245499-2-768x307.jpeg 768w, https:\/\/mixurakennus.fi\/wp-content\/uploads\/2026\/03\/cropped-Mixu-LOGO-OK_Page_1-e1772474245499-2-1536x613.jpeg 1536w, https:\/\/mixurakennus.fi\/wp-content\/uploads\/2026\/03\/cropped-Mixu-LOGO-OK_Page_1-e1772474245499-2-274x109.jpeg 274w\" sizes=\"auto, (max-width: 1783px) 100vw, 1783px\" \/><\/a><\/div>\n\n\n<p>30 vuottaa kokemusta<\/p>\n\n\n\n<p><\/p>\n","protected":false},"excerpt":{"rendered":"<p>Rakennamme laadukkaita ja kest\u00e4vi\u00e4 saunoja ammattitaidolla. Toteutamme saunojen rakennus- ja remonttity\u00f6t luotettavasti ja huolellisesti valmiiden suunnitelmien mukaan. Olipa kyseess\u00e4 uusi [&hellip;]<\/p>\n","protected":false},"author":1,"featured_media":0,"parent":0,"menu_order":0,"comment_status":"closed","ping_status":"closed","template":"","meta":{"site-sidebar-layout":"default","site-content-layout":"","ast-site-content-layout":"default","site-content-style":"default","site-sidebar-style":"default","ast-global-header-display":"","ast-banner-title-visibility":"","ast-main-header-display":"","ast-hfb-above-header-display":"","ast-hfb-below-header-display":"","ast-hfb-mobile-header-display":"","site-post-title":"","ast-breadcrumbs-content":"","ast-featured-img":"","footer-sml-layout":"","ast-disable-related-posts":"","theme-transparent-header-meta":"","adv-header-id-meta":"","stick-header-meta":"","header-above-stick-meta":"","header-main-stick-meta":"","header-below-stick-meta":"","astra-migrate-meta-layouts":"default","ast-page-background-enabled":"default","ast-page-background-meta":{"desktop":{"background-color":"var(--ast-global-color-5)","background-image":"","background-repeat":"repeat","background-position":"center center","background-size":"auto","background-attachment":"scroll","background-type":"","background-media":"","overlay-type":"","overlay-color":"","overlay-opacity":"","overlay-gradient":""},"tablet":{"background-color":"","background-image":"","background-repeat":"repeat","background-position":"center center","background-size":"auto","background-attachment":"scroll","background-type":"","background-media":"","overlay-type":"","overlay-color":"","overlay-opacity":"","overlay-gradient":""},"mobile":{"background-color":"","background-image":"","background-repeat":"repeat","background-position":"center center","background-size":"auto","background-attachment":"scroll","background-type":"","background-media":"","overlay-type":"","overlay-color":"","overlay-opacity":"","overlay-gradient":""}},"ast-content-background-meta":{"desktop":{"background-color":"var(--ast-global-color-4)","background-image":"","background-repeat":"repeat","background-position":"center center","background-size":"auto","background-attachment":"scroll","background-type":"","background-media":"","overlay-type":"","overlay-color":"","overlay-opacity":"","overlay-gradient":""},"tablet":{"background-color":"var(--ast-global-color-4)","background-image":"","background-repeat":"repeat","background-position":"center center","background-size":"auto","background-attachment":"scroll","background-type":"","background-media":"","overlay-type":"","overlay-color":"","overlay-opacity":"","overlay-gradient":""},"mobile":{"background-color":"var(--ast-global-color-4)","background-image":"","background-repeat":"repeat","background-position":"center center","background-size":"auto","background-attachment":"scroll","background-type":"","background-media":"","overlay-type":"","overlay-color":"","overlay-opacity":"","overlay-gradient":""}},"footnotes":""},"class_list":["post-79","page","type-page","status-publish","hentry"],"_links":{"self":[{"href":"https:\/\/mixurakennus.fi\/index.php\/wp-json\/wp\/v2\/pages\/79","targetHints":{"allow":["GET"]}}],"collection":[{"href":"https:\/\/mixurakennus.fi\/index.php\/wp-json\/wp\/v2\/pages"}],"about":[{"href":"https:\/\/mixurakennus.fi\/index.php\/wp-json\/wp\/v2\/types\/page"}],"author":[{"embeddable":true,"href":"https:\/\/mixurakennus.fi\/index.php\/wp-json\/wp\/v2\/users\/1"}],"replies":[{"embeddable":true,"href":"https:\/\/mixurakennus.fi\/index.php\/wp-json\/wp\/v2\/comments?post=79"}],"version-history":[{"count":10,"href":"https:\/\/mixurakennus.fi\/index.php\/wp-json\/wp\/v2\/pages\/79\/revisions"}],"predecessor-version":[{"id":210,"href":"https:\/\/mixurakennus.fi\/index.php\/wp-json\/wp\/v2\/pages\/79\/revisions\/210"}],"wp:attachment":[{"href":"https:\/\/mixurakennus.fi\/index.php\/wp-json\/wp\/v2\/media?parent=79"}],"curies":[{"name":"wp","href":"https:\/\/api.w.org\/{rel}","templated":true}]}}