{"id":82,"date":"2026-03-09T17:10:09","date_gmt":"2026-03-09T17:10:09","guid":{"rendered":"https:\/\/mixurakennus.fi\/?page_id=82"},"modified":"2026-03-14T18:55:12","modified_gmt":"2026-03-14T18:55:12","slug":"kylpyhuoneet","status":"publish","type":"page","link":"https:\/\/mixurakennus.fi\/index.php\/kylpyhuoneet\/","title":{"rendered":"Kylpyhuoneiden rakentaminen ja remontointi"},"content":{"rendered":"\n<h2 class=\"wp-block-heading\"><\/h2>\n\n\n\n<p>Tarjoamme ammattitaitoista kylpyhuoneiden rakentamista ja remontointia yksityisasiakkaille, taloyhti\u00f6ille sek\u00e4 rakennusliikkeille. Toteutamme kaikki kylpyhuonetilat huolellisesti ja voimassa olevien rakennusm\u00e4\u00e4r\u00e4ysten mukaisesti.<\/p>\n\n\n\n<p>Palveluihimme kuuluvat:<\/p>\n\n\n\n<p>\u2022 kylpyhuoneiden rakentaminen ja remontointi<br>\u2022 vedeneristysty\u00f6t<br>\u2022 suurlaatoitus<br>\u2022 tasoitus- ja rappausty\u00f6t<br>\u2022 kaatovalut ja lattiaty\u00f6t<\/p>\n\n\n\n<p>Panostamme laadukkaaseen ty\u00f6nj\u00e4lkeen ja kest\u00e4viin ratkaisuihin, jotta lopputulos on toimiva, turvallinen ja pitk\u00e4ik\u00e4inen.<\/p>\n\n\n\n<p>Rakennamme ja remontoimme kylpyhuoneita koteihin, taloyhti\u00f6ihin sek\u00e4 erilaisiin rakennuskohteisiin.<\/p>\n\n\n\n<p>Ota yhteytt\u00e4 ja pyyd\u00e4 tarjous \u2013 toteutamme kylpyhuoneprojektit luotettavasti ja ammattitaidolla.<\/p>\n\n\n\n<figure class=\"wp-block-gallery has-nested-images columns-default is-cropped wp-block-gallery-1 is-layout-flex wp-block-gallery-is-layout-flex\">\n<figure class=\"wp-block-image size-large\"><img loading=\"lazy\" decoding=\"async\" width=\"480\" height=\"640\" data-id=\"178\" src=\"https:\/\/mixurakennus.fi\/wp-content\/uploads\/2026\/03\/IMG_0711-rotated.jpeg\" alt=\"\" class=\"wp-image-178\" srcset=\"https:\/\/mixurakennus.fi\/wp-content\/uploads\/2026\/03\/IMG_0711-rotated.jpeg 480w, https:\/\/mixurakennus.fi\/wp-content\/uploads\/2026\/03\/IMG_0711-225x300.jpeg 225w\" sizes=\"auto, (max-width: 480px) 100vw, 480px\" \/><\/figure>\n\n\n\n<figure class=\"wp-block-image size-large\"><img loading=\"lazy\" decoding=\"async\" width=\"480\" height=\"640\" data-id=\"179\" src=\"https:\/\/mixurakennus.fi\/wp-content\/uploads\/2026\/03\/IMG_0712-rotated.jpeg\" alt=\"\" class=\"wp-image-179\" srcset=\"https:\/\/mixurakennus.fi\/wp-content\/uploads\/2026\/03\/IMG_0712-rotated.jpeg 480w, https:\/\/mixurakennus.fi\/wp-content\/uploads\/2026\/03\/IMG_0712-225x300.jpeg 225w\" sizes=\"auto, (max-width: 480px) 100vw, 480px\" \/><\/figure>\n\n\n\n<figure class=\"wp-block-image size-large\"><img loading=\"lazy\" decoding=\"async\" width=\"480\" height=\"640\" data-id=\"180\" src=\"https:\/\/mixurakennus.fi\/wp-content\/uploads\/2026\/03\/IMG_0713-rotated.jpeg\" alt=\"\" class=\"wp-image-180\" srcset=\"https:\/\/mixurakennus.fi\/wp-content\/uploads\/2026\/03\/IMG_0713-rotated.jpeg 480w, https:\/\/mixurakennus.fi\/wp-content\/uploads\/2026\/03\/IMG_0713-225x300.jpeg 225w\" sizes=\"auto, (max-width: 480px) 100vw, 480px\" \/><\/figure>\n\n\n\n<figure class=\"wp-block-image size-large\"><img loading=\"lazy\" decoding=\"async\" width=\"480\" height=\"640\" data-id=\"181\" src=\"https:\/\/mixurakennus.fi\/wp-content\/uploads\/2026\/03\/IMG_0458-rotated.jpeg\" alt=\"\" class=\"wp-image-181\" srcset=\"https:\/\/mixurakennus.fi\/wp-content\/uploads\/2026\/03\/IMG_0458-rotated.jpeg 480w, https:\/\/mixurakennus.fi\/wp-content\/uploads\/2026\/03\/IMG_0458-225x300.jpeg 225w\" sizes=\"auto, (max-width: 480px) 100vw, 480px\" \/><\/figure>\n\n\n\n<figure class=\"wp-block-image size-large\"><img loading=\"lazy\" decoding=\"async\" width=\"480\" height=\"640\" data-id=\"183\" src=\"https:\/\/mixurakennus.fi\/wp-content\/uploads\/2026\/03\/IMG_0653-rotated.jpeg\" alt=\"\" class=\"wp-image-183\" srcset=\"https:\/\/mixurakennus.fi\/wp-content\/uploads\/2026\/03\/IMG_0653-rotated.jpeg 480w, https:\/\/mixurakennus.fi\/wp-content\/uploads\/2026\/03\/IMG_0653-225x300.jpeg 225w\" sizes=\"auto, (max-width: 480px) 100vw, 480px\" \/><\/figure>\n\n\n\n<figure class=\"wp-block-image size-large\"><img loading=\"lazy\" decoding=\"async\" width=\"480\" height=\"640\" data-id=\"184\" src=\"https:\/\/mixurakennus.fi\/wp-content\/uploads\/2026\/03\/4eba157a-c98b-4b3e-8bfb-f26edf1726be.jpg\" alt=\"\" class=\"wp-image-184\" srcset=\"https:\/\/mixurakennus.fi\/wp-content\/uploads\/2026\/03\/4eba157a-c98b-4b3e-8bfb-f26edf1726be.jpg 480w, https:\/\/mixurakennus.fi\/wp-content\/uploads\/2026\/03\/4eba157a-c98b-4b3e-8bfb-f26edf1726be-225x300.jpg 225w\" sizes=\"auto, (max-width: 480px) 100vw, 480px\" \/><\/figure>\n\n\n\n<figure class=\"wp-block-image size-large\"><img loading=\"lazy\" decoding=\"async\" width=\"480\" height=\"640\" data-id=\"185\" src=\"https:\/\/mixurakennus.fi\/wp-content\/uploads\/2026\/03\/IMG_1916-rotated.jpeg\" alt=\"\" class=\"wp-image-185\" srcset=\"https:\/\/mixurakennus.fi\/wp-content\/uploads\/2026\/03\/IMG_1916-rotated.jpeg 480w, https:\/\/mixurakennus.fi\/wp-content\/uploads\/2026\/03\/IMG_1916-225x300.jpeg 225w\" sizes=\"auto, (max-width: 480px) 100vw, 480px\" \/><\/figure>\n\n\n\n<figure class=\"wp-block-image size-large\"><img loading=\"lazy\" decoding=\"async\" width=\"480\" height=\"640\" data-id=\"107\" src=\"https:\/\/mixurakennus.fi\/wp-content\/uploads\/2026\/03\/IMG_7803.jpg\" alt=\"\" class=\"wp-image-107\" srcset=\"https:\/\/mixurakennus.fi\/wp-content\/uploads\/2026\/03\/IMG_7803.jpg 480w, https:\/\/mixurakennus.fi\/wp-content\/uploads\/2026\/03\/IMG_7803-225x300.jpg 225w\" sizes=\"auto, (max-width: 480px) 100vw, 480px\" \/><\/figure>\n\n\n\n<figure class=\"wp-block-image size-large\"><img loading=\"lazy\" decoding=\"async\" width=\"640\" height=\"480\" data-id=\"75\" src=\"https:\/\/mixurakennus.fi\/wp-content\/uploads\/2026\/03\/IMG_1135.jpeg\" alt=\"\" class=\"wp-image-75\" srcset=\"https:\/\/mixurakennus.fi\/wp-content\/uploads\/2026\/03\/IMG_1135.jpeg 640w, https:\/\/mixurakennus.fi\/wp-content\/uploads\/2026\/03\/IMG_1135-300x225.jpeg 300w\" sizes=\"auto, (max-width: 640px) 100vw, 640px\" \/><\/figure>\n<\/figure>\n\n\n<div class=\"is-default-size wp-block-site-logo\"><a href=\"https:\/\/mixurakennus.fi\/\" class=\"custom-logo-link\" rel=\"home\"><img loading=\"lazy\" decoding=\"async\" width=\"1783\" height=\"712\" src=\"https:\/\/mixurakennus.fi\/wp-content\/uploads\/2026\/03\/cropped-Mixu-LOGO-OK_Page_1-e1772474245499-2-274x109.jpeg\" class=\"custom-logo\" alt=\"\" srcset=\"https:\/\/mixurakennus.fi\/wp-content\/uploads\/2026\/03\/cropped-Mixu-LOGO-OK_Page_1-e1772474245499-2.jpeg 1783w, https:\/\/mixurakennus.fi\/wp-content\/uploads\/2026\/03\/cropped-Mixu-LOGO-OK_Page_1-e1772474245499-2-300x120.jpeg 300w, https:\/\/mixurakennus.fi\/wp-content\/uploads\/2026\/03\/cropped-Mixu-LOGO-OK_Page_1-e1772474245499-2-1024x409.jpeg 1024w, https:\/\/mixurakennus.fi\/wp-content\/uploads\/2026\/03\/cropped-Mixu-LOGO-OK_Page_1-e1772474245499-2-768x307.jpeg 768w, https:\/\/mixurakennus.fi\/wp-content\/uploads\/2026\/03\/cropped-Mixu-LOGO-OK_Page_1-e1772474245499-2-1536x613.jpeg 1536w, https:\/\/mixurakennus.fi\/wp-content\/uploads\/2026\/03\/cropped-Mixu-LOGO-OK_Page_1-e1772474245499-2-274x109.jpeg 274w\" sizes=\"auto, (max-width: 1783px) 100vw, 1783px\" \/><\/a><\/div>\n\n\n<p>30 vuottaa kokemusta<\/p>\n\n\n\n<p><\/p>\n","protected":false},"excerpt":{"rendered":"<p>Tarjoamme ammattitaitoista kylpyhuoneiden rakentamista ja remontointia yksityisasiakkaille, taloyhti\u00f6ille sek\u00e4 rakennusliikkeille. Toteutamme kaikki kylpyhuonetilat huolellisesti ja voimassa olevien rakennusm\u00e4\u00e4r\u00e4ysten mukaisesti. Palveluihimme [&hellip;]<\/p>\n","protected":false},"author":1,"featured_media":0,"parent":0,"menu_order":0,"comment_status":"closed","ping_status":"closed","template":"","meta":{"site-sidebar-layout":"default","site-content-layout":"","ast-site-content-layout":"default","site-content-style":"default","site-sidebar-style":"default","ast-global-header-display":"","ast-banner-title-visibility":"","ast-main-header-display":"","ast-hfb-above-header-display":"","ast-hfb-below-header-display":"","ast-hfb-mobile-header-display":"","site-post-title":"","ast-breadcrumbs-content":"","ast-featured-img":"","footer-sml-layout":"","ast-disable-related-posts":"","theme-transparent-header-meta":"","adv-header-id-meta":"","stick-header-meta":"","header-above-stick-meta":"","header-main-stick-meta":"","header-below-stick-meta":"","astra-migrate-meta-layouts":"default","ast-page-background-enabled":"default","ast-page-background-meta":{"desktop":{"background-color":"var(--ast-global-color-5)","background-image":"","background-repeat":"repeat","background-position":"center center","background-size":"auto","background-attachment":"scroll","background-type":"","background-media":"","overlay-type":"","overlay-color":"","overlay-opacity":"","overlay-gradient":""},"tablet":{"background-color":"","background-image":"","background-repeat":"repeat","background-position":"center center","background-size":"auto","background-attachment":"scroll","background-type":"","background-media":"","overlay-type":"","overlay-color":"","overlay-opacity":"","overlay-gradient":""},"mobile":{"background-color":"","background-image":"","background-repeat":"repeat","background-position":"center center","background-size":"auto","background-attachment":"scroll","background-type":"","background-media":"","overlay-type":"","overlay-color":"","overlay-opacity":"","overlay-gradient":""}},"ast-content-background-meta":{"desktop":{"background-color":"var(--ast-global-color-4)","background-image":"","background-repeat":"repeat","background-position":"center center","background-size":"auto","background-attachment":"scroll","background-type":"","background-media":"","overlay-type":"","overlay-color":"","overlay-opacity":"","overlay-gradient":""},"tablet":{"background-color":"var(--ast-global-color-4)","background-image":"","background-repeat":"repeat","background-position":"center center","background-size":"auto","background-attachment":"scroll","background-type":"","background-media":"","overlay-type":"","overlay-color":"","overlay-opacity":"","overlay-gradient":""},"mobile":{"background-color":"var(--ast-global-color-4)","background-image":"","background-repeat":"repeat","background-position":"center center","background-size":"auto","background-attachment":"scroll","background-type":"","background-media":"","overlay-type":"","overlay-color":"","overlay-opacity":"","overlay-gradient":""}},"footnotes":""},"class_list":["post-82","page","type-page","status-publish","hentry"],"_links":{"self":[{"href":"https:\/\/mixurakennus.fi\/index.php\/wp-json\/wp\/v2\/pages\/82","targetHints":{"allow":["GET"]}}],"collection":[{"href":"https:\/\/mixurakennus.fi\/index.php\/wp-json\/wp\/v2\/pages"}],"about":[{"href":"https:\/\/mixurakennus.fi\/index.php\/wp-json\/wp\/v2\/types\/page"}],"author":[{"embeddable":true,"href":"https:\/\/mixurakennus.fi\/index.php\/wp-json\/wp\/v2\/users\/1"}],"replies":[{"embeddable":true,"href":"https:\/\/mixurakennus.fi\/index.php\/wp-json\/wp\/v2\/comments?post=82"}],"version-history":[{"count":6,"href":"https:\/\/mixurakennus.fi\/index.php\/wp-json\/wp\/v2\/pages\/82\/revisions"}],"predecessor-version":[{"id":189,"href":"https:\/\/mixurakennus.fi\/index.php\/wp-json\/wp\/v2\/pages\/82\/revisions\/189"}],"wp:attachment":[{"href":"https:\/\/mixurakennus.fi\/index.php\/wp-json\/wp\/v2\/media?parent=82"}],"curies":[{"name":"wp","href":"https:\/\/api.w.org\/{rel}","templated":true}]}}