{"id":85,"date":"2026-03-09T17:10:43","date_gmt":"2026-03-09T17:10:43","guid":{"rendered":"https:\/\/mixurakennus.fi\/?page_id=85"},"modified":"2026-03-15T10:13:49","modified_gmt":"2026-03-15T10:13:49","slug":"epoksilattiat","status":"publish","type":"page","link":"https:\/\/mixurakennus.fi\/index.php\/epoksilattiat\/","title":{"rendered":"Epoksilattiat ja plaanovalut"},"content":{"rendered":"\n<h3 class=\"wp-block-heading\"><\/h3>\n\n\n\n<p>Toteutamme laadukkaat <strong>epoksilattiat ja plaanovalut<\/strong> ammattitaidolla. Palveluumme kuuluu aina my\u00f6s <strong>alustan huolellinen valmistelu<\/strong>, joka takaa lattian kest\u00e4vyyden ja pitk\u00e4n k\u00e4ytt\u00f6i\u00e4n.<\/p>\n\n\n\n<p>Teemme epoksipinnoituksia ja betonivaluja esimerkiksi:<\/p>\n\n\n\n<ul class=\"wp-block-list\">\n<li>autotallit ja varastot<\/li>\n\n\n\n<li>kellaritilat<\/li>\n\n\n\n<li>tekniset tilat<\/li>\n\n\n\n<li>teollisuus- ja liiketilat<\/li>\n\n\n\n<li>suuremmat lattia-alueet<\/li>\n<\/ul>\n\n\n\n<p>Suoritamme kaikki ty\u00f6vaiheet <strong>alustan hionnasta ja puhdistuksesta valmiiseen pintaan asti<\/strong>.<\/p>\n\n\n\n<p>K\u00e4yt\u00e4mme ty\u00f6ss\u00e4mme tunnettuja ja laadukkaita materiaaleja, kuten:<\/p>\n\n\n\n<ul class=\"wp-block-list\">\n<li><strong>Sto<\/strong><\/li>\n\n\n\n<li><strong>Tikkurila<\/strong><\/li>\n\n\n\n<li><strong>Weber<\/strong><\/li>\n\n\n\n<li>sek\u00e4 muita alan luotettavia valmistajia<\/li>\n<\/ul>\n\n\n\n<p>N\u00e4in varmistamme <strong>kest\u00e4v\u00e4n, siistin ja pitk\u00e4ik\u00e4isen lopputuloksen<\/strong>.<\/p>\n\n\n\n<p>Ota yhteytt\u00e4 ja kysy lis\u00e4\u00e4 \u2013 annamme mielell\u00e4mme tarjouksen projektiisi.<\/p>\n\n\n\n<figure class=\"wp-block-gallery has-nested-images columns-default is-cropped wp-block-gallery-1 is-layout-flex wp-block-gallery-is-layout-flex\">\n<figure class=\"wp-block-image size-large\"><img loading=\"lazy\" decoding=\"async\" width=\"480\" height=\"640\" data-id=\"110\" src=\"https:\/\/mixurakennus.fi\/wp-content\/uploads\/2026\/03\/IMG_0513-rotated.jpeg\" alt=\"\" class=\"wp-image-110\" srcset=\"https:\/\/mixurakennus.fi\/wp-content\/uploads\/2026\/03\/IMG_0513-rotated.jpeg 480w, https:\/\/mixurakennus.fi\/wp-content\/uploads\/2026\/03\/IMG_0513-225x300.jpeg 225w\" sizes=\"auto, (max-width: 480px) 100vw, 480px\" \/><\/figure>\n\n\n\n<figure class=\"wp-block-image size-large\"><img loading=\"lazy\" decoding=\"async\" width=\"480\" height=\"640\" data-id=\"111\" src=\"https:\/\/mixurakennus.fi\/wp-content\/uploads\/2026\/03\/IMG_0770-rotated.jpeg\" alt=\"\" class=\"wp-image-111\" srcset=\"https:\/\/mixurakennus.fi\/wp-content\/uploads\/2026\/03\/IMG_0770-rotated.jpeg 480w, https:\/\/mixurakennus.fi\/wp-content\/uploads\/2026\/03\/IMG_0770-225x300.jpeg 225w\" sizes=\"auto, (max-width: 480px) 100vw, 480px\" \/><\/figure>\n\n\n\n<figure class=\"wp-block-image size-large\"><img loading=\"lazy\" decoding=\"async\" width=\"480\" height=\"640\" data-id=\"202\" src=\"https:\/\/mixurakennus.fi\/wp-content\/uploads\/2026\/03\/IMG_9116-rotated.jpeg\" alt=\"\" class=\"wp-image-202\" srcset=\"https:\/\/mixurakennus.fi\/wp-content\/uploads\/2026\/03\/IMG_9116-rotated.jpeg 480w, https:\/\/mixurakennus.fi\/wp-content\/uploads\/2026\/03\/IMG_9116-225x300.jpeg 225w\" sizes=\"auto, (max-width: 480px) 100vw, 480px\" \/><\/figure>\n\n\n\n<figure class=\"wp-block-image size-large\"><img loading=\"lazy\" decoding=\"async\" width=\"640\" height=\"480\" data-id=\"203\" src=\"https:\/\/mixurakennus.fi\/wp-content\/uploads\/2026\/03\/IMG_9124.jpeg\" alt=\"\" class=\"wp-image-203\" srcset=\"https:\/\/mixurakennus.fi\/wp-content\/uploads\/2026\/03\/IMG_9124.jpeg 640w, https:\/\/mixurakennus.fi\/wp-content\/uploads\/2026\/03\/IMG_9124-300x225.jpeg 300w\" sizes=\"auto, (max-width: 640px) 100vw, 640px\" \/><\/figure>\n\n\n\n<figure class=\"wp-block-image size-large\"><img loading=\"lazy\" decoding=\"async\" width=\"480\" height=\"640\" data-id=\"204\" src=\"https:\/\/mixurakennus.fi\/wp-content\/uploads\/2026\/03\/IMG_0520-rotated.jpeg\" alt=\"\" class=\"wp-image-204\" srcset=\"https:\/\/mixurakennus.fi\/wp-content\/uploads\/2026\/03\/IMG_0520-rotated.jpeg 480w, https:\/\/mixurakennus.fi\/wp-content\/uploads\/2026\/03\/IMG_0520-225x300.jpeg 225w\" sizes=\"auto, (max-width: 480px) 100vw, 480px\" \/><\/figure>\n\n\n\n<figure class=\"wp-block-image size-large\"><img loading=\"lazy\" decoding=\"async\" width=\"480\" height=\"640\" data-id=\"205\" src=\"https:\/\/mixurakennus.fi\/wp-content\/uploads\/2026\/03\/IMG_9416-rotated.jpeg\" alt=\"\" class=\"wp-image-205\" srcset=\"https:\/\/mixurakennus.fi\/wp-content\/uploads\/2026\/03\/IMG_9416-rotated.jpeg 480w, https:\/\/mixurakennus.fi\/wp-content\/uploads\/2026\/03\/IMG_9416-225x300.jpeg 225w\" sizes=\"auto, (max-width: 480px) 100vw, 480px\" \/><\/figure>\n<\/figure>\n\n\n<div class=\"is-default-size wp-block-site-logo\"><a href=\"https:\/\/mixurakennus.fi\/\" class=\"custom-logo-link\" rel=\"home\"><img loading=\"lazy\" decoding=\"async\" width=\"1783\" height=\"712\" src=\"https:\/\/mixurakennus.fi\/wp-content\/uploads\/2026\/03\/cropped-Mixu-LOGO-OK_Page_1-e1772474245499-2-274x109.jpeg\" class=\"custom-logo\" alt=\"\" srcset=\"https:\/\/mixurakennus.fi\/wp-content\/uploads\/2026\/03\/cropped-Mixu-LOGO-OK_Page_1-e1772474245499-2.jpeg 1783w, https:\/\/mixurakennus.fi\/wp-content\/uploads\/2026\/03\/cropped-Mixu-LOGO-OK_Page_1-e1772474245499-2-300x120.jpeg 300w, https:\/\/mixurakennus.fi\/wp-content\/uploads\/2026\/03\/cropped-Mixu-LOGO-OK_Page_1-e1772474245499-2-1024x409.jpeg 1024w, https:\/\/mixurakennus.fi\/wp-content\/uploads\/2026\/03\/cropped-Mixu-LOGO-OK_Page_1-e1772474245499-2-768x307.jpeg 768w, https:\/\/mixurakennus.fi\/wp-content\/uploads\/2026\/03\/cropped-Mixu-LOGO-OK_Page_1-e1772474245499-2-1536x613.jpeg 1536w, https:\/\/mixurakennus.fi\/wp-content\/uploads\/2026\/03\/cropped-Mixu-LOGO-OK_Page_1-e1772474245499-2-274x109.jpeg 274w\" sizes=\"auto, (max-width: 1783px) 100vw, 1783px\" \/><\/a><\/div>\n\n\n<p>30 vuottaa kokemusta<\/p>\n\n\n\n<p><\/p>\n","protected":false},"excerpt":{"rendered":"<p>Toteutamme laadukkaat epoksilattiat ja plaanovalut ammattitaidolla. Palveluumme kuuluu aina my\u00f6s alustan huolellinen valmistelu, joka takaa lattian kest\u00e4vyyden ja pitk\u00e4n k\u00e4ytt\u00f6i\u00e4n. [&hellip;]<\/p>\n","protected":false},"author":1,"featured_media":0,"parent":0,"menu_order":0,"comment_status":"closed","ping_status":"closed","template":"","meta":{"site-sidebar-layout":"default","site-content-layout":"","ast-site-content-layout":"default","site-content-style":"default","site-sidebar-style":"default","ast-global-header-display":"","ast-banner-title-visibility":"","ast-main-header-display":"","ast-hfb-above-header-display":"","ast-hfb-below-header-display":"","ast-hfb-mobile-header-display":"","site-post-title":"","ast-breadcrumbs-content":"","ast-featured-img":"","footer-sml-layout":"","ast-disable-related-posts":"","theme-transparent-header-meta":"","adv-header-id-meta":"","stick-header-meta":"","header-above-stick-meta":"","header-main-stick-meta":"","header-below-stick-meta":"","astra-migrate-meta-layouts":"default","ast-page-background-enabled":"default","ast-page-background-meta":{"desktop":{"background-color":"var(--ast-global-color-5)","background-image":"","background-repeat":"repeat","background-position":"center center","background-size":"auto","background-attachment":"scroll","background-type":"","background-media":"","overlay-type":"","overlay-color":"","overlay-opacity":"","overlay-gradient":""},"tablet":{"background-color":"","background-image":"","background-repeat":"repeat","background-position":"center center","background-size":"auto","background-attachment":"scroll","background-type":"","background-media":"","overlay-type":"","overlay-color":"","overlay-opacity":"","overlay-gradient":""},"mobile":{"background-color":"","background-image":"","background-repeat":"repeat","background-position":"center center","background-size":"auto","background-attachment":"scroll","background-type":"","background-media":"","overlay-type":"","overlay-color":"","overlay-opacity":"","overlay-gradient":""}},"ast-content-background-meta":{"desktop":{"background-color":"var(--ast-global-color-4)","background-image":"","background-repeat":"repeat","background-position":"center center","background-size":"auto","background-attachment":"scroll","background-type":"","background-media":"","overlay-type":"","overlay-color":"","overlay-opacity":"","overlay-gradient":""},"tablet":{"background-color":"var(--ast-global-color-4)","background-image":"","background-repeat":"repeat","background-position":"center center","background-size":"auto","background-attachment":"scroll","background-type":"","background-media":"","overlay-type":"","overlay-color":"","overlay-opacity":"","overlay-gradient":""},"mobile":{"background-color":"var(--ast-global-color-4)","background-image":"","background-repeat":"repeat","background-position":"center center","background-size":"auto","background-attachment":"scroll","background-type":"","background-media":"","overlay-type":"","overlay-color":"","overlay-opacity":"","overlay-gradient":""}},"footnotes":""},"class_list":["post-85","page","type-page","status-publish","hentry"],"_links":{"self":[{"href":"https:\/\/mixurakennus.fi\/index.php\/wp-json\/wp\/v2\/pages\/85","targetHints":{"allow":["GET"]}}],"collection":[{"href":"https:\/\/mixurakennus.fi\/index.php\/wp-json\/wp\/v2\/pages"}],"about":[{"href":"https:\/\/mixurakennus.fi\/index.php\/wp-json\/wp\/v2\/types\/page"}],"author":[{"embeddable":true,"href":"https:\/\/mixurakennus.fi\/index.php\/wp-json\/wp\/v2\/users\/1"}],"replies":[{"embeddable":true,"href":"https:\/\/mixurakennus.fi\/index.php\/wp-json\/wp\/v2\/comments?post=85"}],"version-history":[{"count":3,"href":"https:\/\/mixurakennus.fi\/index.php\/wp-json\/wp\/v2\/pages\/85\/revisions"}],"predecessor-version":[{"id":206,"href":"https:\/\/mixurakennus.fi\/index.php\/wp-json\/wp\/v2\/pages\/85\/revisions\/206"}],"wp:attachment":[{"href":"https:\/\/mixurakennus.fi\/index.php\/wp-json\/wp\/v2\/media?parent=85"}],"curies":[{"name":"wp","href":"https:\/\/api.w.org\/{rel}","templated":true}]}}