{"id":91,"date":"2026-03-09T17:11:26","date_gmt":"2026-03-09T17:11:26","guid":{"rendered":"https:\/\/mixurakennus.fi\/?page_id=91"},"modified":"2026-03-17T18:52:08","modified_gmt":"2026-03-17T18:52:08","slug":"alasivu-2","status":"publish","type":"page","link":"https:\/\/mixurakennus.fi\/index.php\/alasivu-2\/","title":{"rendered":"Maalausty\u00f6t"},"content":{"rendered":"\n<h3 class=\"wp-block-heading\"><\/h3>\n\n\n\n<p>Tarjoamme ammattitaitoiset <strong>maalausty\u00f6t kaikenkokoisiin kohteisiin<\/strong>. Toteutamme ty\u00f6t aina <strong>huolellisella pohjaty\u00f6ll\u00e4<\/strong>, jotta lopputulos on kest\u00e4v\u00e4, siisti ja pitk\u00e4ik\u00e4inen.<\/p>\n\n\n\n<p>Palveluumme kuuluu koko ty\u00f6prosessi <strong>rappauksesta ja tasoituksesta valmiiseen maalipintaan asti<\/strong>.<\/p>\n\n\n\n<p>Teemme maalaust\u00f6it\u00e4 esimerkiksi:<\/p>\n\n\n\n<ul class=\"wp-block-list\">\n<li>asunnot ja taloyhti\u00f6t<\/li>\n\n\n\n<li>porrask\u00e4yt\u00e4v\u00e4t<\/li>\n\n\n\n<li>kellaritilat ja tekniset tilat<\/li>\n\n\n\n<li>julkisivut ja sein\u00e4pinnat<\/li>\n\n\n\n<li>liiketilat ja muut suuremmat kohteet<\/li>\n<\/ul>\n\n\n\n<p>Suoritamme kaikki ty\u00f6vaiheet <strong>pintojen valmistelusta, tasoituksesta ja hionnasta lopulliseen maalaukseen asti<\/strong>.<\/p>\n\n\n\n<p>N\u00e4in varmistamme <strong>tasaisen, kest\u00e4v\u00e4n ja laadukkaan lopputuloksen<\/strong> jokaisessa projektissa.<\/p>\n\n\n\n<p>Ota yhteytt\u00e4 ja kysy lis\u00e4\u00e4 \u2013 annamme mielell\u00e4mme tarjouksen projektiisi.<\/p>\n\n\n<div class=\"is-default-size wp-block-site-logo\"><a href=\"https:\/\/mixurakennus.fi\/\" class=\"custom-logo-link\" rel=\"home\"><img loading=\"lazy\" decoding=\"async\" width=\"1783\" height=\"712\" src=\"https:\/\/mixurakennus.fi\/wp-content\/uploads\/2026\/03\/cropped-Mixu-LOGO-OK_Page_1-e1772474245499-2-274x109.jpeg\" class=\"custom-logo\" alt=\"\" srcset=\"https:\/\/mixurakennus.fi\/wp-content\/uploads\/2026\/03\/cropped-Mixu-LOGO-OK_Page_1-e1772474245499-2.jpeg 1783w, https:\/\/mixurakennus.fi\/wp-content\/uploads\/2026\/03\/cropped-Mixu-LOGO-OK_Page_1-e1772474245499-2-300x120.jpeg 300w, https:\/\/mixurakennus.fi\/wp-content\/uploads\/2026\/03\/cropped-Mixu-LOGO-OK_Page_1-e1772474245499-2-1024x409.jpeg 1024w, https:\/\/mixurakennus.fi\/wp-content\/uploads\/2026\/03\/cropped-Mixu-LOGO-OK_Page_1-e1772474245499-2-768x307.jpeg 768w, https:\/\/mixurakennus.fi\/wp-content\/uploads\/2026\/03\/cropped-Mixu-LOGO-OK_Page_1-e1772474245499-2-1536x613.jpeg 1536w, https:\/\/mixurakennus.fi\/wp-content\/uploads\/2026\/03\/cropped-Mixu-LOGO-OK_Page_1-e1772474245499-2-274x109.jpeg 274w\" sizes=\"auto, (max-width: 1783px) 100vw, 1783px\" \/><\/a><\/div>\n\n\n<p>30 vuottaa kokemusta <\/p>\n","protected":false},"excerpt":{"rendered":"<p>Tarjoamme ammattitaitoiset maalausty\u00f6t kaikenkokoisiin kohteisiin. Toteutamme ty\u00f6t aina huolellisella pohjaty\u00f6ll\u00e4, jotta lopputulos on kest\u00e4v\u00e4, siisti ja pitk\u00e4ik\u00e4inen. Palveluumme kuuluu koko [&hellip;]<\/p>\n","protected":false},"author":1,"featured_media":0,"parent":0,"menu_order":0,"comment_status":"closed","ping_status":"closed","template":"","meta":{"site-sidebar-layout":"default","site-content-layout":"","ast-site-content-layout":"default","site-content-style":"default","site-sidebar-style":"default","ast-global-header-display":"","ast-banner-title-visibility":"","ast-main-header-display":"","ast-hfb-above-header-display":"","ast-hfb-below-header-display":"","ast-hfb-mobile-header-display":"","site-post-title":"","ast-breadcrumbs-content":"","ast-featured-img":"","footer-sml-layout":"","ast-disable-related-posts":"","theme-transparent-header-meta":"","adv-header-id-meta":"","stick-header-meta":"","header-above-stick-meta":"","header-main-stick-meta":"","header-below-stick-meta":"","astra-migrate-meta-layouts":"default","ast-page-background-enabled":"default","ast-page-background-meta":{"desktop":{"background-color":"var(--ast-global-color-5)","background-image":"","background-repeat":"repeat","background-position":"center center","background-size":"auto","background-attachment":"scroll","background-type":"","background-media":"","overlay-type":"","overlay-color":"","overlay-opacity":"","overlay-gradient":""},"tablet":{"background-color":"","background-image":"","background-repeat":"repeat","background-position":"center center","background-size":"auto","background-attachment":"scroll","background-type":"","background-media":"","overlay-type":"","overlay-color":"","overlay-opacity":"","overlay-gradient":""},"mobile":{"background-color":"","background-image":"","background-repeat":"repeat","background-position":"center center","background-size":"auto","background-attachment":"scroll","background-type":"","background-media":"","overlay-type":"","overlay-color":"","overlay-opacity":"","overlay-gradient":""}},"ast-content-background-meta":{"desktop":{"background-color":"var(--ast-global-color-4)","background-image":"","background-repeat":"repeat","background-position":"center center","background-size":"auto","background-attachment":"scroll","background-type":"","background-media":"","overlay-type":"","overlay-color":"","overlay-opacity":"","overlay-gradient":""},"tablet":{"background-color":"var(--ast-global-color-4)","background-image":"","background-repeat":"repeat","background-position":"center center","background-size":"auto","background-attachment":"scroll","background-type":"","background-media":"","overlay-type":"","overlay-color":"","overlay-opacity":"","overlay-gradient":""},"mobile":{"background-color":"var(--ast-global-color-4)","background-image":"","background-repeat":"repeat","background-position":"center center","background-size":"auto","background-attachment":"scroll","background-type":"","background-media":"","overlay-type":"","overlay-color":"","overlay-opacity":"","overlay-gradient":""}},"footnotes":""},"class_list":["post-91","page","type-page","status-publish","hentry"],"_links":{"self":[{"href":"https:\/\/mixurakennus.fi\/index.php\/wp-json\/wp\/v2\/pages\/91","targetHints":{"allow":["GET"]}}],"collection":[{"href":"https:\/\/mixurakennus.fi\/index.php\/wp-json\/wp\/v2\/pages"}],"about":[{"href":"https:\/\/mixurakennus.fi\/index.php\/wp-json\/wp\/v2\/types\/page"}],"author":[{"embeddable":true,"href":"https:\/\/mixurakennus.fi\/index.php\/wp-json\/wp\/v2\/users\/1"}],"replies":[{"embeddable":true,"href":"https:\/\/mixurakennus.fi\/index.php\/wp-json\/wp\/v2\/comments?post=91"}],"version-history":[{"count":5,"href":"https:\/\/mixurakennus.fi\/index.php\/wp-json\/wp\/v2\/pages\/91\/revisions"}],"predecessor-version":[{"id":211,"href":"https:\/\/mixurakennus.fi\/index.php\/wp-json\/wp\/v2\/pages\/91\/revisions\/211"}],"wp:attachment":[{"href":"https:\/\/mixurakennus.fi\/index.php\/wp-json\/wp\/v2\/media?parent=91"}],"curies":[{"name":"wp","href":"https:\/\/api.w.org\/{rel}","templated":true}]}}