{"id":94,"date":"2026-03-09T17:11:46","date_gmt":"2026-03-09T17:11:46","guid":{"rendered":"https:\/\/mixurakennus.fi\/?page_id=94"},"modified":"2026-03-15T10:23:59","modified_gmt":"2026-03-15T10:23:59","slug":"alasivu-3","status":"publish","type":"page","link":"https:\/\/mixurakennus.fi\/index.php\/alasivu-3\/","title":{"rendered":"Parvekkeiden rakennus ja epoksilattiat"},"content":{"rendered":"\n<h3 class=\"wp-block-heading\"><\/h3>\n\n\n\n<p>Tarjoamme ammattitaitoiset <strong>parvekkeiden rakennus- ja korjausty\u00f6t sek\u00e4 parvekkeiden lattioiden epoksipinnoitukset<\/strong>. Toteutamme ty\u00f6t huolellisesti ja laadukkaasti, jotta lopputulos on kest\u00e4v\u00e4 ja pitk\u00e4ik\u00e4inen.<\/p>\n\n\n\n<p>Palveluumme kuuluu koko ty\u00f6prosessi <strong>purkut\u00f6ist\u00e4 ja alustan valmistelusta valmiiseen pintaan asti<\/strong>.<\/p>\n\n\n\n<p>Teemme esimerkiksi:<\/p>\n\n\n\n<ul class=\"wp-block-list\">\n<li>parvekkeiden purku- ja rakennusty\u00f6t<\/li>\n\n\n\n<li>parvekkeiden seinien ja rakenteiden korjaukset<\/li>\n\n\n\n<li>parvekkeiden lattioiden epoksipinnoitukset<\/li>\n\n\n\n<li>betonipintojen korjaukset ja valmistelut<\/li>\n\n\n\n<li>muut parvekkeisiin liittyv\u00e4t rakennus- ja kunnostusty\u00f6t<\/li>\n<\/ul>\n\n\n\n<p>Suoritamme kaikki ty\u00f6vaiheet <strong>alustan valmistelusta valmiiseen lopputulokseen asti<\/strong>, varmistaen siistin ja kest\u00e4v\u00e4n lopputuloksen.<\/p>\n\n\n\n<p>Ota yhteytt\u00e4 ja kysy lis\u00e4\u00e4 \u2013 annamme mielell\u00e4mme tarjouksen kohteeseesi.<\/p>\n\n\n<div class=\"is-default-size wp-block-site-logo\"><a href=\"https:\/\/mixurakennus.fi\/\" class=\"custom-logo-link\" rel=\"home\"><img loading=\"lazy\" decoding=\"async\" width=\"1783\" height=\"712\" src=\"https:\/\/mixurakennus.fi\/wp-content\/uploads\/2026\/03\/cropped-Mixu-LOGO-OK_Page_1-e1772474245499-2-274x109.jpeg\" class=\"custom-logo\" alt=\"\" srcset=\"https:\/\/mixurakennus.fi\/wp-content\/uploads\/2026\/03\/cropped-Mixu-LOGO-OK_Page_1-e1772474245499-2.jpeg 1783w, https:\/\/mixurakennus.fi\/wp-content\/uploads\/2026\/03\/cropped-Mixu-LOGO-OK_Page_1-e1772474245499-2-300x120.jpeg 300w, https:\/\/mixurakennus.fi\/wp-content\/uploads\/2026\/03\/cropped-Mixu-LOGO-OK_Page_1-e1772474245499-2-1024x409.jpeg 1024w, https:\/\/mixurakennus.fi\/wp-content\/uploads\/2026\/03\/cropped-Mixu-LOGO-OK_Page_1-e1772474245499-2-768x307.jpeg 768w, https:\/\/mixurakennus.fi\/wp-content\/uploads\/2026\/03\/cropped-Mixu-LOGO-OK_Page_1-e1772474245499-2-1536x613.jpeg 1536w, https:\/\/mixurakennus.fi\/wp-content\/uploads\/2026\/03\/cropped-Mixu-LOGO-OK_Page_1-e1772474245499-2-274x109.jpeg 274w\" sizes=\"auto, (max-width: 1783px) 100vw, 1783px\" \/><\/a><\/div>\n\n\n<p>30 vuottaa kokemusta<\/p>\n\n\n\n<p><\/p>\n","protected":false},"excerpt":{"rendered":"<p>Tarjoamme ammattitaitoiset parvekkeiden rakennus- ja korjausty\u00f6t sek\u00e4 parvekkeiden lattioiden epoksipinnoitukset. Toteutamme ty\u00f6t huolellisesti ja laadukkaasti, jotta lopputulos on kest\u00e4v\u00e4 ja [&hellip;]<\/p>\n","protected":false},"author":1,"featured_media":0,"parent":0,"menu_order":0,"comment_status":"closed","ping_status":"closed","template":"","meta":{"site-sidebar-layout":"default","site-content-layout":"","ast-site-content-layout":"default","site-content-style":"default","site-sidebar-style":"default","ast-global-header-display":"","ast-banner-title-visibility":"","ast-main-header-display":"","ast-hfb-above-header-display":"","ast-hfb-below-header-display":"","ast-hfb-mobile-header-display":"","site-post-title":"","ast-breadcrumbs-content":"","ast-featured-img":"","footer-sml-layout":"","ast-disable-related-posts":"","theme-transparent-header-meta":"","adv-header-id-meta":"","stick-header-meta":"","header-above-stick-meta":"","header-main-stick-meta":"","header-below-stick-meta":"","astra-migrate-meta-layouts":"default","ast-page-background-enabled":"default","ast-page-background-meta":{"desktop":{"background-color":"var(--ast-global-color-5)","background-image":"","background-repeat":"repeat","background-position":"center center","background-size":"auto","background-attachment":"scroll","background-type":"","background-media":"","overlay-type":"","overlay-color":"","overlay-opacity":"","overlay-gradient":""},"tablet":{"background-color":"","background-image":"","background-repeat":"repeat","background-position":"center center","background-size":"auto","background-attachment":"scroll","background-type":"","background-media":"","overlay-type":"","overlay-color":"","overlay-opacity":"","overlay-gradient":""},"mobile":{"background-color":"","background-image":"","background-repeat":"repeat","background-position":"center center","background-size":"auto","background-attachment":"scroll","background-type":"","background-media":"","overlay-type":"","overlay-color":"","overlay-opacity":"","overlay-gradient":""}},"ast-content-background-meta":{"desktop":{"background-color":"var(--ast-global-color-4)","background-image":"","background-repeat":"repeat","background-position":"center center","background-size":"auto","background-attachment":"scroll","background-type":"","background-media":"","overlay-type":"","overlay-color":"","overlay-opacity":"","overlay-gradient":""},"tablet":{"background-color":"var(--ast-global-color-4)","background-image":"","background-repeat":"repeat","background-position":"center center","background-size":"auto","background-attachment":"scroll","background-type":"","background-media":"","overlay-type":"","overlay-color":"","overlay-opacity":"","overlay-gradient":""},"mobile":{"background-color":"var(--ast-global-color-4)","background-image":"","background-repeat":"repeat","background-position":"center center","background-size":"auto","background-attachment":"scroll","background-type":"","background-media":"","overlay-type":"","overlay-color":"","overlay-opacity":"","overlay-gradient":""}},"footnotes":""},"class_list":["post-94","page","type-page","status-publish","hentry"],"_links":{"self":[{"href":"https:\/\/mixurakennus.fi\/index.php\/wp-json\/wp\/v2\/pages\/94","targetHints":{"allow":["GET"]}}],"collection":[{"href":"https:\/\/mixurakennus.fi\/index.php\/wp-json\/wp\/v2\/pages"}],"about":[{"href":"https:\/\/mixurakennus.fi\/index.php\/wp-json\/wp\/v2\/types\/page"}],"author":[{"embeddable":true,"href":"https:\/\/mixurakennus.fi\/index.php\/wp-json\/wp\/v2\/users\/1"}],"replies":[{"embeddable":true,"href":"https:\/\/mixurakennus.fi\/index.php\/wp-json\/wp\/v2\/comments?post=94"}],"version-history":[{"count":4,"href":"https:\/\/mixurakennus.fi\/index.php\/wp-json\/wp\/v2\/pages\/94\/revisions"}],"predecessor-version":[{"id":208,"href":"https:\/\/mixurakennus.fi\/index.php\/wp-json\/wp\/v2\/pages\/94\/revisions\/208"}],"wp:attachment":[{"href":"https:\/\/mixurakennus.fi\/index.php\/wp-json\/wp\/v2\/media?parent=94"}],"curies":[{"name":"wp","href":"https:\/\/api.w.org\/{rel}","templated":true}]}}